{"id":9,"date":"2024-12-09T10:32:17","date_gmt":"2024-12-09T10:32:17","guid":{"rendered":"https:\/\/4equality.erasmus.site\/?page_id=9"},"modified":"2026-04-01T12:10:19","modified_gmt":"2026-04-01T12:10:19","slug":"home","status":"publish","type":"page","link":"https:\/\/4equality.erasmus.site\/pl\/","title":{"rendered":"Strona g\u0142\u00f3wna"},"content":{"rendered":"\t\t<div data-elementor-type=\"wp-page\" data-elementor-id=\"9\" class=\"elementor elementor-9\">\n\t\t\t\t<div class=\"elementor-element elementor-element-1a0539b e-flex e-con-boxed elementor-invisible e-con e-parent\" data-id=\"1a0539b\" data-element_type=\"container\" data-e-type=\"container\" data-settings=\"{&quot;background_background&quot;:&quot;classic&quot;,&quot;animation&quot;:&quot;fadeInLeft&quot;}\">\n\t\t\t\t\t<div class=\"e-con-inner\">\n\t\t<div class=\"elementor-element elementor-element-cc1e9bd e-con-full e-flex e-con e-child\" data-id=\"cc1e9bd\" data-element_type=\"container\" data-e-type=\"container\" data-settings=\"{&quot;background_background&quot;:&quot;classic&quot;}\">\n\t\t\t\t<div class=\"elementor-element elementor-element-5729461 elementor-widget elementor-widget-heading\" data-id=\"5729461\" data-element_type=\"widget\" data-e-type=\"widget\" data-widget_type=\"heading.default\">\n\t\t\t\t<div class=\"elementor-widget-container\">\n\t\t\t\t\t<h3 class=\"elementor-heading-title elementor-size-default\">4equality - Wdra\u017canie innowacyjnych narz\u0119dzi i metodologii\nna rzecz zatrudnialno\u015bci i r\u00f3wnych szans m\u0142odych kobiet\nstoj\u0105cych w obliczu uprzedze\u0144 w sektorach przysz\u0142o\u015bciowych zdominowanych przez m\u0119\u017cczyzn<\/h3>\t\t\t\t<\/div>\n\t\t\t\t<\/div>\n\t\t\t\t<div class=\"elementor-element elementor-element-1bc7989 elementor-widget elementor-widget-text-editor\" data-id=\"1bc7989\" data-element_type=\"widget\" data-e-type=\"widget\" data-widget_type=\"text-editor.default\">\n\t\t\t\t<div class=\"elementor-widget-container\">\n\t\t\t\t\t\t\t\t\t<p>M\u0142odzie\u017c<br \/>Numer projektu: 2023-2-PL01-KA220-YOU-000178863<br \/>Czas trwania projektu: 01.05.2024 &#8211; 30.04.2026<\/p>\t\t\t\t\t\t\t\t<\/div>\n\t\t\t\t<\/div>\n\t\t\t\t<div class=\"elementor-element elementor-element-ce3d5fe elementor-widget elementor-widget-menu-anchor\" data-id=\"ce3d5fe\" data-element_type=\"widget\" data-e-type=\"widget\" data-widget_type=\"menu-anchor.default\">\n\t\t\t\t<div class=\"elementor-widget-container\">\n\t\t\t\t\t\t\t<div class=\"elementor-menu-anchor\" id=\"about\"><\/div>\n\t\t\t\t\t\t<\/div>\n\t\t\t\t<\/div>\n\t\t\t\t<div class=\"elementor-element elementor-element-d6dd9d0 elementor-widget elementor-widget-text-editor\" data-id=\"d6dd9d0\" data-element_type=\"widget\" data-e-type=\"widget\" data-widget_type=\"text-editor.default\">\n\t\t\t\t<div class=\"elementor-widget-container\">\n\t\t\t\t\t\t\t\t\t<p>Projekt 4equality koncentruje si\u0119 na poprawie szans na zatrudnienie i promowaniu r\u00f3wnych szans dla m\u0142odych kobiet, kt\u00f3re d\u0105\u017c\u0105 do kariery w bran\u017cach zdominowanych przez m\u0119\u017cczyzn, takich jak biznes i STEM. Zapewnia narz\u0119dzia pomagaj\u0105ce kobietom budowa\u0107 \u015bwiadomo\u015b\u0107 uprzedze\u0144 ze wzgl\u0119du na p\u0142e\u0107, opracowywa\u0107 strategie radzenia sobie z dyskryminacj\u0105 i wzmacnia\u0107 ich przewag\u0119 konkurencyjn\u0105 na rynku pracy. Projekt oferuje r\u00f3wnie\u017c zasoby dla os\u00f3b pracuj\u0105cych z m\u0142odzie\u017c\u0105, aby wspiera\u0107 kobiety poprzez szkolenia i mentoring, zapewniaj\u0105c im przygotowanie do stawienia czo\u0142a wyzwaniom, z kt\u00f3rymi mog\u0105 si\u0119 spotka\u0107 w swoim \u015brodowisku zawodowym.<\/p>\t\t\t\t\t\t\t\t<\/div>\n\t\t\t\t<\/div>\n\t\t\t\t<\/div>\n\t\t\t\t\t<\/div>\n\t\t\t\t<\/div>\n\t\t<div class=\"elementor-element elementor-element-cb15c47 e-flex e-con-boxed elementor-invisible e-con e-parent\" data-id=\"cb15c47\" data-element_type=\"container\" data-e-type=\"container\" data-settings=\"{&quot;background_background&quot;:&quot;classic&quot;,&quot;animation&quot;:&quot;fadeInUp&quot;}\">\n\t\t\t\t\t<div class=\"e-con-inner\">\n\t\t<div class=\"elementor-element elementor-element-1cf7843 e-con-full e-flex e-con e-child\" data-id=\"1cf7843\" data-element_type=\"container\" data-e-type=\"container\" data-settings=\"{&quot;background_background&quot;:&quot;classic&quot;}\">\n\t\t\t\t<div class=\"elementor-element elementor-element-04b8154 elementor-widget elementor-widget-menu-anchor\" data-id=\"04b8154\" data-element_type=\"widget\" data-e-type=\"widget\" data-widget_type=\"menu-anchor.default\">\n\t\t\t\t<div class=\"elementor-widget-container\">\n\t\t\t\t\t\t\t<div class=\"elementor-menu-anchor\" id=\"results\"><\/div>\n\t\t\t\t\t\t<\/div>\n\t\t\t\t<\/div>\n\t\t\t\t<div class=\"elementor-element elementor-element-0ac2d7f elementor-widget elementor-widget-heading\" data-id=\"0ac2d7f\" data-element_type=\"widget\" data-e-type=\"widget\" data-widget_type=\"heading.default\">\n\t\t\t\t<div class=\"elementor-widget-container\">\n\t\t\t\t\t<h2 class=\"elementor-heading-title elementor-size-default\">Rezultaty projektu<\/h2>\t\t\t\t<\/div>\n\t\t\t\t<\/div>\n\t\t\t\t<div class=\"elementor-element elementor-element-3d2882a elementor-tabs-view-horizontal elementor-widget elementor-widget-tabs\" data-id=\"3d2882a\" data-element_type=\"widget\" data-e-type=\"widget\" data-widget_type=\"tabs.default\">\n\t\t\t\t<div class=\"elementor-widget-container\">\n\t\t\t\t\t\t\t<div class=\"elementor-tabs\">\n\t\t\t<div class=\"elementor-tabs-wrapper\" role=\"tablist\" >\n\t\t\t\t\t\t\t\t\t<div id=\"elementor-tab-title-6411\" class=\"elementor-tab-title elementor-tab-desktop-title\" aria-selected=\"true\" data-tab=\"1\" role=\"tab\" tabindex=\"0\" aria-controls=\"elementor-tab-content-6411\" aria-expanded=\"false\">R1: Program i platforma rozwoju kobiet<\/div>\n\t\t\t\t\t\t\t\t\t<div id=\"elementor-tab-title-6412\" class=\"elementor-tab-title elementor-tab-desktop-title\" aria-selected=\"false\" data-tab=\"2\" role=\"tab\" tabindex=\"-1\" aria-controls=\"elementor-tab-content-6412\" aria-expanded=\"false\">R2: Zestaw narz\u0119dzi dla pracownik\u00f3w m\u0142odzie\u017cowych<\/div>\n\t\t\t\t\t\t\t<\/div>\n\t\t\t<div class=\"elementor-tabs-content-wrapper\" role=\"tablist\" aria-orientation=\"vertical\">\n\t\t\t\t\t\t\t\t\t<div class=\"elementor-tab-title elementor-tab-mobile-title\" aria-selected=\"true\" data-tab=\"1\" role=\"tab\" tabindex=\"0\" aria-controls=\"elementor-tab-content-6411\" aria-expanded=\"false\">R1: Program i platforma rozwoju kobiet<\/div>\n\t\t\t\t\t<div id=\"elementor-tab-content-6411\" class=\"elementor-tab-content elementor-clearfix\" data-tab=\"1\" role=\"tabpanel\" aria-labelledby=\"elementor-tab-title-6411\" tabindex=\"0\" hidden=\"false\"><p>Program i platforma rozwoju kobiet maj\u0105 na celu wzmocnienie pozycji m\u0142odych kobiet wchodz\u0105cych do bran\u017c zdominowanych przez m\u0119\u017cczyzn, takich jak biznes i STEM. Oferuje kompleksowy zakres narz\u0119dzi do samorozwoju, mo\u017cliwo\u015bci mentoringu i zasob\u00f3w, aby pom\u00f3c kobietom w budowaniu umiej\u0119tno\u015bci i pewno\u015bci siebie potrzebnych do przezwyci\u0119\u017cenia uprzedze\u0144 zwi\u0105zanych z p\u0142ci\u0105 w \u015brodowisku zawodowym. Platforma obejmuje program e-mentora, modu\u0142y szkoleniowe i praktyczne narz\u0119dzia maj\u0105ce na celu zwi\u0119kszenie szans na zatrudnienie i wzmocnienie odporno\u015bci na dyskryminacj\u0119. Wspiera kobiety w osi\u0105ganiu r\u00f3wnych szans i rozwijaniu si\u0119 w wybranej przez nie karierze.<\/p><p style=\"text-align: center; margin-top: 20px;\"><a class=\"btn btn-primary\" role=\"button\" href=\"https:\/\/4equality.erasmus.site\/platform\/e-learning\" target=\"_blank\" rel=\"noopener\">Open<\/a><\/p><\/div>\n\t\t\t\t\t\t\t\t\t<div class=\"elementor-tab-title elementor-tab-mobile-title\" aria-selected=\"false\" data-tab=\"2\" role=\"tab\" tabindex=\"-1\" aria-controls=\"elementor-tab-content-6412\" aria-expanded=\"false\">R2: Zestaw narz\u0119dzi dla pracownik\u00f3w m\u0142odzie\u017cowych<\/div>\n\t\t\t\t\t<div id=\"elementor-tab-content-6412\" class=\"elementor-tab-content elementor-clearfix\" data-tab=\"2\" role=\"tabpanel\" aria-labelledby=\"elementor-tab-title-6412\" tabindex=\"0\" hidden=\"hidden\"><p><\/p><p>Zestaw narz\u0119dzi dla pracownik\u00f3w m\u0142odzie\u017cowych wyposa\u017ca osoby pracuj\u0105ce z m\u0142odzie\u017c\u0105 w praktyczne materia\u0142y i zasoby potrzebne do wspierania m\u0142odych kobiet wkraczaj\u0105cych w dziedziny zdominowane przez m\u0119\u017cczyzn, takie jak biznes i STEM.<\/p><p>Zawiera sprawdzone strategie pomagaj\u0105ce m\u0142odym kobietom prze\u0142amywa\u0107 bariery zwi\u0105zane z uprzedzeniami oraz dyskryminacj\u0105 ze wzgl\u0119du na p\u0142e\u0107, a tak\u017ce wspiera budowanie bardziej integracyjnego \u015brodowiska zawodowego. Obejmuje materia\u0142y podnosz\u0105ce \u015bwiadomo\u015b\u0107, wskaz\u00f3wki dotycz\u0105ce promowania r\u00f3wnych szans oraz techniki wzmacniania pozycji kobiet, aby mog\u0142y one pewniej i skuteczniej radzi\u0107 sobie z wyzwaniami w swojej karierze.<\/p><p>Celem zestawu jest wzmocnienie kompetencji pracownik\u00f3w m\u0142odzie\u017cowych w zakresie mentoringu i wspierania m\u0142odych kobiet w osi\u0105ganiu sukcesu zawodowego.<\/p><p style=\"text-align: center;\"><a class=\"btn btn-primary\" role=\"button\" href=\"https:\/\/4equality.erasmus.site\/platform\/toolkit?setlang=no\" target=\"_blank\" rel=\"noopener\">Open<\/a><\/p><\/div>\n\t\t\t\t\t\t\t<\/div>\n\t\t<\/div>\n\t\t\t\t\t\t<\/div>\n\t\t\t\t<\/div>\n\t\t\t\t<\/div>\n\t\t<div class=\"elementor-element elementor-element-bbf2bf2 e-con-full e-flex e-con e-child\" data-id=\"bbf2bf2\" data-element_type=\"container\" data-e-type=\"container\">\n\t\t\t\t<div class=\"elementor-element elementor-element-048e7fd elementor-widget elementor-widget-image\" data-id=\"048e7fd\" data-element_type=\"widget\" data-e-type=\"widget\" data-widget_type=\"image.default\">\n\t\t\t\t<div class=\"elementor-widget-container\">\n\t\t\t\t\t\t\t\t\t\t\t\t\t\t\t<img fetchpriority=\"high\" decoding=\"async\" width=\"1024\" height=\"576\" src=\"https:\/\/4equality.erasmus.site\/wp-content\/uploads\/2025\/06\/226866269_72b0f6b9-56c1-43c9-a7dc-21d49ad87d60-1024x576.jpg\" class=\"attachment-large size-large wp-image-170\" alt=\"\" srcset=\"https:\/\/4equality.erasmus.site\/wp-content\/uploads\/2025\/06\/226866269_72b0f6b9-56c1-43c9-a7dc-21d49ad87d60-1024x576.jpg 1024w, https:\/\/4equality.erasmus.site\/wp-content\/uploads\/2025\/06\/226866269_72b0f6b9-56c1-43c9-a7dc-21d49ad87d60-300x169.jpg 300w, https:\/\/4equality.erasmus.site\/wp-content\/uploads\/2025\/06\/226866269_72b0f6b9-56c1-43c9-a7dc-21d49ad87d60-768x432.jpg 768w, https:\/\/4equality.erasmus.site\/wp-content\/uploads\/2025\/06\/226866269_72b0f6b9-56c1-43c9-a7dc-21d49ad87d60-1536x864.jpg 1536w, https:\/\/4equality.erasmus.site\/wp-content\/uploads\/2025\/06\/226866269_72b0f6b9-56c1-43c9-a7dc-21d49ad87d60-2048x1152.jpg 2048w\" sizes=\"(max-width: 1024px) 100vw, 1024px\" \/>\t\t\t\t\t\t\t\t\t\t\t\t\t\t\t<\/div>\n\t\t\t\t<\/div>\n\t\t\t\t<\/div>\n\t\t\t\t\t<\/div>\n\t\t\t\t<\/div>\n\t\t\t\t<\/div>\n\t\t","protected":false},"excerpt":{"rendered":"<p>4equality &#8211; Wdra\u017canie innowacyjnych narz\u0119dzi i metodologii na rzecz zatrudnialno\u015bci i r\u00f3wnych szans m\u0142odych kobiet stoj\u0105cych w obliczu uprzedze\u0144 w sektorach przysz\u0142o\u015bciowych zdominowanych przez m\u0119\u017cczyzn M\u0142odzie\u017cNumer projektu: 2023-2-PL01-KA220-YOU-000178863Czas trwania projektu: 01.05.2024 &#8211; 30.04.2026 Projekt 4equality koncentruje si\u0119 na poprawie szans na zatrudnienie i promowaniu r\u00f3wnych szans dla m\u0142odych kobiet, kt\u00f3re d\u0105\u017c\u0105 do kariery w bran\u017cach&hellip;&nbsp;<a href=\"https:\/\/4equality.erasmus.site\/pl\/\" rel=\"bookmark\">Dowiedz si\u0119 wi\u0119cej &raquo;<span class=\"screen-reader-text\">Strona g\u0142\u00f3wna<\/span><\/a><\/p>\n","protected":false},"author":1,"featured_media":0,"parent":0,"menu_order":0,"comment_status":"closed","ping_status":"closed","template":"page-templates\/template-pagebuilder-full-width.php","meta":{"neve_meta_sidebar":"","neve_meta_container":"","neve_meta_enable_content_width":"off","neve_meta_content_width":100,"neve_meta_title_alignment":"","neve_meta_author_avatar":"","neve_post_elements_order":"","neve_meta_disable_header":"","neve_meta_disable_footer":"","neve_meta_disable_title":"","footnotes":""},"class_list":["post-9","page","type-page","status-publish","hentry"],"yoast_head":"<!-- This site is optimized with the Yoast SEO plugin v27.6 - https:\/\/yoast.com\/product\/yoast-seo-wordpress\/ -->\n<title>Strona g\u0142\u00f3wna - 4equality<\/title>\n<meta name=\"robots\" content=\"index, follow, max-snippet:-1, max-image-preview:large, max-video-preview:-1\" \/>\n<link rel=\"canonical\" href=\"https:\/\/4equality.erasmus.site\/pl\/\" \/>\n<meta property=\"og:locale\" content=\"pl_PL\" \/>\n<meta property=\"og:type\" content=\"article\" \/>\n<meta property=\"og:title\" content=\"Strona g\u0142\u00f3wna - 4equality\" \/>\n<meta property=\"og:description\" content=\"4equality &#8211; Wdra\u017canie innowacyjnych narz\u0119dzi i metodologii na rzecz zatrudnialno\u015bci i r\u00f3wnych szans m\u0142odych kobiet stoj\u0105cych w obliczu uprzedze\u0144 w sektorach przysz\u0142o\u015bciowych zdominowanych przez m\u0119\u017cczyzn M\u0142odzie\u017cNumer projektu: 2023-2-PL01-KA220-YOU-000178863Czas trwania projektu: 01.05.2024 &#8211; 30.04.2026 Projekt 4equality koncentruje si\u0119 na poprawie szans na zatrudnienie i promowaniu r\u00f3wnych szans dla m\u0142odych kobiet, kt\u00f3re d\u0105\u017c\u0105 do kariery w bran\u017cach&hellip;&nbsp;Dowiedz si\u0119 wi\u0119cej &raquo;Strona g\u0142\u00f3wna\" \/>\n<meta property=\"og:url\" content=\"https:\/\/4equality.erasmus.site\/pl\/\" \/>\n<meta property=\"og:site_name\" content=\"4equality\" \/>\n<meta property=\"article:modified_time\" content=\"2026-04-01T12:10:19+00:00\" \/>\n<meta property=\"og:image\" content=\"https:\/\/4equality.erasmus.site\/wp-content\/uploads\/2025\/06\/226866269_72b0f6b9-56c1-43c9-a7dc-21d49ad87d60-scaled.jpg\" \/>\n\t<meta property=\"og:image:width\" content=\"2560\" \/>\n\t<meta property=\"og:image:height\" content=\"1440\" \/>\n\t<meta property=\"og:image:type\" content=\"image\/jpeg\" \/>\n<meta name=\"twitter:card\" content=\"summary_large_image\" \/>\n<meta name=\"twitter:label1\" content=\"Szacowany czas czytania\" \/>\n\t<meta name=\"twitter:data1\" content=\"10 minut\" \/>\n<script type=\"application\/ld+json\" class=\"yoast-schema-graph\">{\"@context\":\"https:\\\/\\\/schema.org\",\"@graph\":[{\"@type\":\"WebPage\",\"@id\":\"https:\\\/\\\/4equality.erasmus.site\\\/pl\\\/\",\"url\":\"https:\\\/\\\/4equality.erasmus.site\\\/pl\\\/\",\"name\":\"Strona g\u0142\u00f3wna - 4equality\",\"isPartOf\":{\"@id\":\"https:\\\/\\\/4equality.erasmus.site\\\/pl\\\/#website\"},\"primaryImageOfPage\":{\"@id\":\"https:\\\/\\\/4equality.erasmus.site\\\/pl\\\/#primaryimage\"},\"image\":{\"@id\":\"https:\\\/\\\/4equality.erasmus.site\\\/#primaryimage\"},\"thumbnailUrl\":\"https:\\\/\\\/4equality.erasmus.site\\\/wp-content\\\/uploads\\\/2025\\\/06\\\/226866269_72b0f6b9-56c1-43c9-a7dc-21d49ad87d60-1024x576.jpg\",\"datePublished\":\"2024-12-09T10:32:17+00:00\",\"dateModified\":\"2026-04-01T12:10:19+00:00\",\"breadcrumb\":{\"@id\":\"https:\\\/\\\/4equality.erasmus.site\\\/pl\\\/#breadcrumb\"},\"inLanguage\":\"pl-PL\",\"potentialAction\":[{\"@type\":\"ReadAction\",\"target\":[[\"https:\\\/\\\/4equality.erasmus.site\\\/pl\\\/\"]]}]},{\"@type\":\"ImageObject\",\"inLanguage\":\"pl-PL\",\"@id\":\"https:\\\/\\\/4equality.erasmus.site\\\/pl\\\/#primaryimage\",\"url\":\"https:\\\/\\\/4equality.erasmus.site\\\/wp-content\\\/uploads\\\/2025\\\/06\\\/226866269_72b0f6b9-56c1-43c9-a7dc-21d49ad87d60-1024x576.jpg\",\"contentUrl\":\"https:\\\/\\\/4equality.erasmus.site\\\/wp-content\\\/uploads\\\/2025\\\/06\\\/226866269_72b0f6b9-56c1-43c9-a7dc-21d49ad87d60-1024x576.jpg\"},{\"@type\":\"BreadcrumbList\",\"@id\":\"https:\\\/\\\/4equality.erasmus.site\\\/pl\\\/#breadcrumb\",\"itemListElement\":[{\"@type\":\"ListItem\",\"position\":1,\"name\":\"Home\",\"item\":\"https:\\\/\\\/4equality.erasmus.site\\\/pl\\\/\"},{\"@type\":\"ListItem\",\"position\":2,\"name\":\"Home\"}]},{\"@type\":\"WebSite\",\"@id\":\"https:\\\/\\\/4equality.erasmus.site\\\/pl\\\/#website\",\"url\":\"https:\\\/\\\/4equality.erasmus.site\\\/pl\\\/\",\"name\":\"4equality\",\"description\":\"Project\",\"publisher\":{\"@id\":\"https:\\\/\\\/4equality.erasmus.site\\\/pl\\\/#organization\"},\"potentialAction\":[{\"@type\":\"SearchAction\",\"target\":{\"@type\":\"EntryPoint\",\"urlTemplate\":\"https:\\\/\\\/4equality.erasmus.site\\\/pl\\\/?s={search_term_string}\"},\"query-input\":{\"@type\":\"PropertyValueSpecification\",\"valueRequired\":true,\"valueName\":\"search_term_string\"}}],\"inLanguage\":\"pl-PL\"},{\"@type\":\"Organization\",\"@id\":\"https:\\\/\\\/4equality.erasmus.site\\\/pl\\\/#organization\",\"name\":\"4equality\",\"url\":\"https:\\\/\\\/4equality.erasmus.site\\\/pl\\\/\",\"logo\":{\"@type\":\"ImageObject\",\"inLanguage\":\"pl-PL\",\"@id\":\"https:\\\/\\\/4equality.erasmus.site\\\/pl\\\/#\\\/schema\\\/logo\\\/image\\\/\",\"url\":\"https:\\\/\\\/4equality.erasmus.site\\\/wp-content\\\/uploads\\\/2024\\\/12\\\/cropped-4equality_logo.png\",\"contentUrl\":\"https:\\\/\\\/4equality.erasmus.site\\\/wp-content\\\/uploads\\\/2024\\\/12\\\/cropped-4equality_logo.png\",\"width\":200,\"height\":187,\"caption\":\"4equality\"},\"image\":{\"@id\":\"https:\\\/\\\/4equality.erasmus.site\\\/pl\\\/#\\\/schema\\\/logo\\\/image\\\/\"}}]}<\/script>\n<!-- \/ Yoast SEO plugin. -->","yoast_head_json":{"title":"Strona g\u0142\u00f3wna - 4equality","robots":{"index":"index","follow":"follow","max-snippet":"max-snippet:-1","max-image-preview":"max-image-preview:large","max-video-preview":"max-video-preview:-1"},"canonical":"https:\/\/4equality.erasmus.site\/pl\/","og_locale":"pl_PL","og_type":"article","og_title":"Strona g\u0142\u00f3wna - 4equality","og_description":"4equality &#8211; Wdra\u017canie innowacyjnych narz\u0119dzi i metodologii na rzecz zatrudnialno\u015bci i r\u00f3wnych szans m\u0142odych kobiet stoj\u0105cych w obliczu uprzedze\u0144 w sektorach przysz\u0142o\u015bciowych zdominowanych przez m\u0119\u017cczyzn M\u0142odzie\u017cNumer projektu: 2023-2-PL01-KA220-YOU-000178863Czas trwania projektu: 01.05.2024 &#8211; 30.04.2026 Projekt 4equality koncentruje si\u0119 na poprawie szans na zatrudnienie i promowaniu r\u00f3wnych szans dla m\u0142odych kobiet, kt\u00f3re d\u0105\u017c\u0105 do kariery w bran\u017cach&hellip;&nbsp;Dowiedz si\u0119 wi\u0119cej &raquo;Strona g\u0142\u00f3wna","og_url":"https:\/\/4equality.erasmus.site\/pl\/","og_site_name":"4equality","article_modified_time":"2026-04-01T12:10:19+00:00","og_image":[{"width":2560,"height":1440,"url":"https:\/\/4equality.erasmus.site\/wp-content\/uploads\/2025\/06\/226866269_72b0f6b9-56c1-43c9-a7dc-21d49ad87d60-scaled.jpg","type":"image\/jpeg"}],"twitter_card":"summary_large_image","twitter_misc":{"Szacowany czas czytania":"10 minut"},"schema":{"@context":"https:\/\/schema.org","@graph":[{"@type":"WebPage","@id":"https:\/\/4equality.erasmus.site\/pl\/","url":"https:\/\/4equality.erasmus.site\/pl\/","name":"Strona g\u0142\u00f3wna - 4equality","isPartOf":{"@id":"https:\/\/4equality.erasmus.site\/pl\/#website"},"primaryImageOfPage":{"@id":"https:\/\/4equality.erasmus.site\/pl\/#primaryimage"},"image":{"@id":"https:\/\/4equality.erasmus.site\/#primaryimage"},"thumbnailUrl":"https:\/\/4equality.erasmus.site\/wp-content\/uploads\/2025\/06\/226866269_72b0f6b9-56c1-43c9-a7dc-21d49ad87d60-1024x576.jpg","datePublished":"2024-12-09T10:32:17+00:00","dateModified":"2026-04-01T12:10:19+00:00","breadcrumb":{"@id":"https:\/\/4equality.erasmus.site\/pl\/#breadcrumb"},"inLanguage":"pl-PL","potentialAction":[{"@type":"ReadAction","target":[["https:\/\/4equality.erasmus.site\/pl\/"]]}]},{"@type":"ImageObject","inLanguage":"pl-PL","@id":"https:\/\/4equality.erasmus.site\/pl\/#primaryimage","url":"https:\/\/4equality.erasmus.site\/wp-content\/uploads\/2025\/06\/226866269_72b0f6b9-56c1-43c9-a7dc-21d49ad87d60-1024x576.jpg","contentUrl":"https:\/\/4equality.erasmus.site\/wp-content\/uploads\/2025\/06\/226866269_72b0f6b9-56c1-43c9-a7dc-21d49ad87d60-1024x576.jpg"},{"@type":"BreadcrumbList","@id":"https:\/\/4equality.erasmus.site\/pl\/#breadcrumb","itemListElement":[{"@type":"ListItem","position":1,"name":"Home","item":"https:\/\/4equality.erasmus.site\/pl\/"},{"@type":"ListItem","position":2,"name":"Home"}]},{"@type":"WebSite","@id":"https:\/\/4equality.erasmus.site\/pl\/#website","url":"https:\/\/4equality.erasmus.site\/pl\/","name":"4equality","description":"Project","publisher":{"@id":"https:\/\/4equality.erasmus.site\/pl\/#organization"},"potentialAction":[{"@type":"SearchAction","target":{"@type":"EntryPoint","urlTemplate":"https:\/\/4equality.erasmus.site\/pl\/?s={search_term_string}"},"query-input":{"@type":"PropertyValueSpecification","valueRequired":true,"valueName":"search_term_string"}}],"inLanguage":"pl-PL"},{"@type":"Organization","@id":"https:\/\/4equality.erasmus.site\/pl\/#organization","name":"4equality","url":"https:\/\/4equality.erasmus.site\/pl\/","logo":{"@type":"ImageObject","inLanguage":"pl-PL","@id":"https:\/\/4equality.erasmus.site\/pl\/#\/schema\/logo\/image\/","url":"https:\/\/4equality.erasmus.site\/wp-content\/uploads\/2024\/12\/cropped-4equality_logo.png","contentUrl":"https:\/\/4equality.erasmus.site\/wp-content\/uploads\/2024\/12\/cropped-4equality_logo.png","width":200,"height":187,"caption":"4equality"},"image":{"@id":"https:\/\/4equality.erasmus.site\/pl\/#\/schema\/logo\/image\/"}}]}},"_links":{"self":[{"href":"https:\/\/4equality.erasmus.site\/pl\/wp-json\/wp\/v2\/pages\/9","targetHints":{"allow":["GET"]}}],"collection":[{"href":"https:\/\/4equality.erasmus.site\/pl\/wp-json\/wp\/v2\/pages"}],"about":[{"href":"https:\/\/4equality.erasmus.site\/pl\/wp-json\/wp\/v2\/types\/page"}],"author":[{"embeddable":true,"href":"https:\/\/4equality.erasmus.site\/pl\/wp-json\/wp\/v2\/users\/1"}],"replies":[{"embeddable":true,"href":"https:\/\/4equality.erasmus.site\/pl\/wp-json\/wp\/v2\/comments?post=9"}],"version-history":[{"count":116,"href":"https:\/\/4equality.erasmus.site\/pl\/wp-json\/wp\/v2\/pages\/9\/revisions"}],"predecessor-version":[{"id":526,"href":"https:\/\/4equality.erasmus.site\/pl\/wp-json\/wp\/v2\/pages\/9\/revisions\/526"}],"wp:attachment":[{"href":"https:\/\/4equality.erasmus.site\/pl\/wp-json\/wp\/v2\/media?parent=9"}],"curies":[{"name":"wp","href":"https:\/\/api.w.org\/{rel}","templated":true}]}}