{"id":9,"date":"2024-12-09T10:32:17","date_gmt":"2024-12-09T10:32:17","guid":{"rendered":"https:\/\/4equality.erasmus.site\/?page_id=9"},"modified":"2026-04-01T12:10:19","modified_gmt":"2026-04-01T12:10:19","slug":"home","status":"publish","type":"page","link":"https:\/\/4equality.erasmus.site\/pt\/","title":{"rendered":"Home"},"content":{"rendered":"\t\t<div data-elementor-type=\"wp-page\" data-elementor-id=\"9\" class=\"elementor elementor-9\">\n\t\t\t\t<div class=\"elementor-element elementor-element-1a0539b e-flex e-con-boxed elementor-invisible e-con e-parent\" data-id=\"1a0539b\" data-element_type=\"container\" data-e-type=\"container\" data-settings=\"{&quot;background_background&quot;:&quot;classic&quot;,&quot;animation&quot;:&quot;fadeInLeft&quot;}\">\n\t\t\t\t\t<div class=\"e-con-inner\">\n\t\t<div class=\"elementor-element elementor-element-cc1e9bd e-con-full e-flex e-con e-child\" data-id=\"cc1e9bd\" data-element_type=\"container\" data-e-type=\"container\" data-settings=\"{&quot;background_background&quot;:&quot;classic&quot;}\">\n\t\t\t\t<div class=\"elementor-element elementor-element-5729461 elementor-widget elementor-widget-heading\" data-id=\"5729461\" data-element_type=\"widget\" data-e-type=\"widget\" data-widget_type=\"heading.default\">\n\t\t\t\t<div class=\"elementor-widget-container\">\n\t\t\t\t\t<h3 class=\"elementor-heading-title elementor-size-default\">4equality - Implementa\u00e7\u00e3o de ferramentas e metodologias inovadoras\npara a empregabilidade e a igualdade de oportunidades das mulheres jovens\nque enfrentam preconceitos em sectores orientados para o futuro, dominados por homens<\/h3>\t\t\t\t<\/div>\n\t\t\t\t<\/div>\n\t\t\t\t<div class=\"elementor-element elementor-element-1bc7989 elementor-widget elementor-widget-text-editor\" data-id=\"1bc7989\" data-element_type=\"widget\" data-e-type=\"widget\" data-widget_type=\"text-editor.default\">\n\t\t\t\t<div class=\"elementor-widget-container\">\n\t\t\t\t\t\t\t\t\t<p>Juventude<br \/>N\u00famero do Projeto: 2023-2-PL01-KA220-YOU-000178863<br \/>Dura\u00e7\u00e3o do Projeto: 01.05.2024 &#8211; 30.04.2026<\/p>\t\t\t\t\t\t\t\t<\/div>\n\t\t\t\t<\/div>\n\t\t\t\t<div class=\"elementor-element elementor-element-ce3d5fe elementor-widget elementor-widget-menu-anchor\" data-id=\"ce3d5fe\" data-element_type=\"widget\" data-e-type=\"widget\" data-widget_type=\"menu-anchor.default\">\n\t\t\t\t<div class=\"elementor-widget-container\">\n\t\t\t\t\t\t\t<div class=\"elementor-menu-anchor\" id=\"about\"><\/div>\n\t\t\t\t\t\t<\/div>\n\t\t\t\t<\/div>\n\t\t\t\t<div class=\"elementor-element elementor-element-d6dd9d0 elementor-widget elementor-widget-text-editor\" data-id=\"d6dd9d0\" data-element_type=\"widget\" data-e-type=\"widget\" data-widget_type=\"text-editor.default\">\n\t\t\t\t<div class=\"elementor-widget-container\">\n\t\t\t\t\t\t\t\t\t<p>O projeto 4equality centra-se em melhorar a empregabilidade e promover a igualdade de oportunidades para jovens mulheres que seguem carreiras em ind\u00fastrias dominadas por homens, como neg\u00f3cios e STEM. Oferece ferramentas para ajudar as mulheres a desenvolver consci\u00eancia sobre o vi\u00e9s de g\u00eanero, criar estrat\u00e9gias para enfrentar a discrimina\u00e7\u00e3o e fortalecer sua competitividade no mercado de trabalho. O projeto tamb\u00e9m fornece recursos para trabalhadores da juventude apoiarem mulheres por meio de treinamento e mentoria, garantindo que estejam preparadas para enfrentar os desafios em seus ambientes profissionais.<\/p>\t\t\t\t\t\t\t\t<\/div>\n\t\t\t\t<\/div>\n\t\t\t\t<\/div>\n\t\t\t\t\t<\/div>\n\t\t\t\t<\/div>\n\t\t<div class=\"elementor-element elementor-element-cb15c47 e-flex e-con-boxed elementor-invisible e-con e-parent\" data-id=\"cb15c47\" data-element_type=\"container\" data-e-type=\"container\" data-settings=\"{&quot;background_background&quot;:&quot;classic&quot;,&quot;animation&quot;:&quot;fadeInUp&quot;}\">\n\t\t\t\t\t<div class=\"e-con-inner\">\n\t\t<div class=\"elementor-element elementor-element-1cf7843 e-con-full e-flex e-con e-child\" data-id=\"1cf7843\" data-element_type=\"container\" data-e-type=\"container\" data-settings=\"{&quot;background_background&quot;:&quot;classic&quot;}\">\n\t\t\t\t<div class=\"elementor-element elementor-element-04b8154 elementor-widget elementor-widget-menu-anchor\" data-id=\"04b8154\" data-element_type=\"widget\" data-e-type=\"widget\" data-widget_type=\"menu-anchor.default\">\n\t\t\t\t<div class=\"elementor-widget-container\">\n\t\t\t\t\t\t\t<div class=\"elementor-menu-anchor\" id=\"results\"><\/div>\n\t\t\t\t\t\t<\/div>\n\t\t\t\t<\/div>\n\t\t\t\t<div class=\"elementor-element elementor-element-0ac2d7f elementor-widget elementor-widget-heading\" data-id=\"0ac2d7f\" data-element_type=\"widget\" data-e-type=\"widget\" data-widget_type=\"heading.default\">\n\t\t\t\t<div class=\"elementor-widget-container\">\n\t\t\t\t\t<h2 class=\"elementor-heading-title elementor-size-default\">Resultados do projeto<\/h2>\t\t\t\t<\/div>\n\t\t\t\t<\/div>\n\t\t\t\t<div class=\"elementor-element elementor-element-3d2882a elementor-tabs-view-horizontal elementor-widget elementor-widget-tabs\" data-id=\"3d2882a\" data-element_type=\"widget\" data-e-type=\"widget\" data-widget_type=\"tabs.default\">\n\t\t\t\t<div class=\"elementor-widget-container\">\n\t\t\t\t\t\t\t<div class=\"elementor-tabs\">\n\t\t\t<div class=\"elementor-tabs-wrapper\" role=\"tablist\" >\n\t\t\t\t\t\t\t\t\t<div id=\"elementor-tab-title-6411\" class=\"elementor-tab-title elementor-tab-desktop-title\" aria-selected=\"true\" data-tab=\"1\" role=\"tab\" tabindex=\"0\" aria-controls=\"elementor-tab-content-6411\" aria-expanded=\"false\">R1: Programa e plataforma de desenvolvimento para mulheres<\/div>\n\t\t\t\t\t\t\t\t\t<div id=\"elementor-tab-title-6412\" class=\"elementor-tab-title elementor-tab-desktop-title\" aria-selected=\"false\" data-tab=\"2\" role=\"tab\" tabindex=\"-1\" aria-controls=\"elementor-tab-content-6412\" aria-expanded=\"false\">R2: Desenvolvimento da caixa de ferramentas para trabalhadores jovens<\/div>\n\t\t\t\t\t\t\t<\/div>\n\t\t\t<div class=\"elementor-tabs-content-wrapper\" role=\"tablist\" aria-orientation=\"vertical\">\n\t\t\t\t\t\t\t\t\t<div class=\"elementor-tab-title elementor-tab-mobile-title\" aria-selected=\"true\" data-tab=\"1\" role=\"tab\" tabindex=\"0\" aria-controls=\"elementor-tab-content-6411\" aria-expanded=\"false\">R1: Programa e plataforma de desenvolvimento para mulheres<\/div>\n\t\t\t\t\t<div id=\"elementor-tab-content-6411\" class=\"elementor-tab-content elementor-clearfix\" data-tab=\"1\" role=\"tabpanel\" aria-labelledby=\"elementor-tab-title-6411\" tabindex=\"0\" hidden=\"false\"><p>O Programa e Plataforma de Desenvolvimento para Mulheres foi criado para capacitar jovens mulheres que ingressam em setores tradicionalmente dominados por homens, como neg\u00f3cios e STEM. Oferece uma gama abrangente de ferramentas de autodesenvolvimento, oportunidades de mentoria e recursos para ajudar as mulheres a desenvolver as compet\u00eancias e a confian\u00e7a necess\u00e1rias para superar o preconceito de g\u00e9nero em ambientes profissionais. A plataforma inclui um programa de e-mentoria, m\u00f3dulos de forma\u00e7\u00e3o e ferramentas pr\u00e1ticas destinadas a melhorar a empregabilidade e a promover a resili\u00eancia contra a discrimina\u00e7\u00e3o. Apoia as mulheres na conquista de oportunidades iguais e no seu sucesso nas carreiras escolhidas.<\/p><p style=\"text-align: center; margin-top: 20px;\"><a class=\"btn btn-primary\" role=\"button\" href=\"https:\/\/4equality.erasmus.site\/platform\/e-learning\" target=\"_blank\" rel=\"noopener\">Open<\/a><\/p><\/div>\n\t\t\t\t\t\t\t\t\t<div class=\"elementor-tab-title elementor-tab-mobile-title\" aria-selected=\"false\" data-tab=\"2\" role=\"tab\" tabindex=\"-1\" aria-controls=\"elementor-tab-content-6412\" aria-expanded=\"false\">R2: Desenvolvimento da caixa de ferramentas para trabalhadores jovens<\/div>\n\t\t\t\t\t<div id=\"elementor-tab-content-6412\" class=\"elementor-tab-content elementor-clearfix\" data-tab=\"2\" role=\"tabpanel\" aria-labelledby=\"elementor-tab-title-6412\" tabindex=\"0\" hidden=\"hidden\"><p>O Desenvolvimento da Caixa de Ferramentas para Trabalhadores Jovens centra-se em equipar os trabalhadores jovens com as ferramentas e recursos necess\u00e1rios para apoiar as jovens mulheres que ingressam em \u00e1reas tradicionalmente dominadas por homens, como neg\u00f3cios e STEM. A caixa de ferramentas oferece estrat\u00e9gias pr\u00e1ticas para ajudar os trabalhadores jovens a orientar as mulheres na supera\u00e7\u00e3o do preconceito de g\u00e9nero e da discrimina\u00e7\u00e3o, promovendo um ambiente profissional inclusivo. Inclui materiais de sensibiliza\u00e7\u00e3o, orienta\u00e7\u00f5es para a promo\u00e7\u00e3o de oportunidades iguais e t\u00e9cnicas para capacitar as mulheres a enfrentar proativamente os desafios nas suas carreiras. A caixa de ferramentas visa fortalecer a capacidade dos trabalhadores jovens para orientar e apoiar as jovens mulheres no alcance do sucesso profissional.<\/p><p style=\"text-align: center;\"><a class=\"btn btn-primary\" role=\"button\" href=\"https:\/\/4equality.erasmus.site\/platform\/toolkit?setlang=no\" target=\"_blank\" rel=\"noopener\">Open<\/a><\/p><\/div>\n\t\t\t\t\t\t\t<\/div>\n\t\t<\/div>\n\t\t\t\t\t\t<\/div>\n\t\t\t\t<\/div>\n\t\t\t\t<\/div>\n\t\t<div class=\"elementor-element elementor-element-bbf2bf2 e-con-full e-flex e-con e-child\" data-id=\"bbf2bf2\" data-element_type=\"container\" data-e-type=\"container\">\n\t\t\t\t<div class=\"elementor-element elementor-element-048e7fd elementor-widget elementor-widget-image\" data-id=\"048e7fd\" data-element_type=\"widget\" data-e-type=\"widget\" data-widget_type=\"image.default\">\n\t\t\t\t<div class=\"elementor-widget-container\">\n\t\t\t\t\t\t\t\t\t\t\t\t\t\t\t<img fetchpriority=\"high\" decoding=\"async\" width=\"1024\" height=\"576\" src=\"https:\/\/4equality.erasmus.site\/wp-content\/uploads\/2025\/06\/226866269_72b0f6b9-56c1-43c9-a7dc-21d49ad87d60-1024x576.jpg\" class=\"attachment-large size-large wp-image-170\" alt=\"\" srcset=\"https:\/\/4equality.erasmus.site\/wp-content\/uploads\/2025\/06\/226866269_72b0f6b9-56c1-43c9-a7dc-21d49ad87d60-1024x576.jpg 1024w, https:\/\/4equality.erasmus.site\/wp-content\/uploads\/2025\/06\/226866269_72b0f6b9-56c1-43c9-a7dc-21d49ad87d60-300x169.jpg 300w, https:\/\/4equality.erasmus.site\/wp-content\/uploads\/2025\/06\/226866269_72b0f6b9-56c1-43c9-a7dc-21d49ad87d60-768x432.jpg 768w, https:\/\/4equality.erasmus.site\/wp-content\/uploads\/2025\/06\/226866269_72b0f6b9-56c1-43c9-a7dc-21d49ad87d60-1536x864.jpg 1536w, https:\/\/4equality.erasmus.site\/wp-content\/uploads\/2025\/06\/226866269_72b0f6b9-56c1-43c9-a7dc-21d49ad87d60-2048x1152.jpg 2048w\" sizes=\"(max-width: 1024px) 100vw, 1024px\" \/>\t\t\t\t\t\t\t\t\t\t\t\t\t\t\t<\/div>\n\t\t\t\t<\/div>\n\t\t\t\t<\/div>\n\t\t\t\t\t<\/div>\n\t\t\t\t<\/div>\n\t\t\t\t<\/div>\n\t\t","protected":false},"excerpt":{"rendered":"<p>4equality &#8211; Implementa\u00e7\u00e3o de ferramentas e metodologias inovadoras para a empregabilidade e a igualdade de oportunidades das mulheres jovens que enfrentam preconceitos em sectores orientados para o futuro, dominados por homens JuventudeN\u00famero do Projeto: 2023-2-PL01-KA220-YOU-000178863Dura\u00e7\u00e3o do Projeto: 01.05.2024 &#8211; 30.04.2026 O projeto 4equality centra-se em melhorar a empregabilidade e promover a igualdade de oportunidades para&hellip;&nbsp;<a href=\"https:\/\/4equality.erasmus.site\/pt\/\" rel=\"bookmark\">Ler mais &raquo;<span class=\"screen-reader-text\">Home<\/span><\/a><\/p>\n","protected":false},"author":1,"featured_media":0,"parent":0,"menu_order":0,"comment_status":"closed","ping_status":"closed","template":"page-templates\/template-pagebuilder-full-width.php","meta":{"neve_meta_sidebar":"","neve_meta_container":"","neve_meta_enable_content_width":"off","neve_meta_content_width":100,"neve_meta_title_alignment":"","neve_meta_author_avatar":"","neve_post_elements_order":"","neve_meta_disable_header":"","neve_meta_disable_footer":"","neve_meta_disable_title":"","footnotes":""},"class_list":["post-9","page","type-page","status-publish","hentry"],"yoast_head":"<!-- This site is optimized with the Yoast SEO plugin v27.6 - https:\/\/yoast.com\/product\/yoast-seo-wordpress\/ -->\n<title>Home - 4equality<\/title>\n<meta name=\"robots\" content=\"index, follow, max-snippet:-1, max-image-preview:large, max-video-preview:-1\" \/>\n<link rel=\"canonical\" href=\"https:\/\/4equality.erasmus.site\/pt\/\" \/>\n<meta property=\"og:locale\" content=\"pt_PT\" \/>\n<meta property=\"og:type\" content=\"article\" \/>\n<meta property=\"og:title\" content=\"Home - 4equality\" \/>\n<meta property=\"og:description\" content=\"4equality &#8211; Implementa\u00e7\u00e3o de ferramentas e metodologias inovadoras para a empregabilidade e a igualdade de oportunidades das mulheres jovens que enfrentam preconceitos em sectores orientados para o futuro, dominados por homens JuventudeN\u00famero do Projeto: 2023-2-PL01-KA220-YOU-000178863Dura\u00e7\u00e3o do Projeto: 01.05.2024 &#8211; 30.04.2026 O projeto 4equality centra-se em melhorar a empregabilidade e promover a igualdade de oportunidades para&hellip;&nbsp;Ler mais &raquo;Home\" \/>\n<meta property=\"og:url\" content=\"https:\/\/4equality.erasmus.site\/pt\/\" \/>\n<meta property=\"og:site_name\" content=\"4equality\" \/>\n<meta property=\"article:modified_time\" content=\"2026-04-01T12:10:19+00:00\" \/>\n<meta property=\"og:image\" content=\"https:\/\/4equality.erasmus.site\/wp-content\/uploads\/2025\/06\/226866269_72b0f6b9-56c1-43c9-a7dc-21d49ad87d60-scaled.jpg\" \/>\n\t<meta property=\"og:image:width\" content=\"2560\" \/>\n\t<meta property=\"og:image:height\" content=\"1440\" \/>\n\t<meta property=\"og:image:type\" content=\"image\/jpeg\" \/>\n<meta name=\"twitter:card\" content=\"summary_large_image\" \/>\n<meta name=\"twitter:label1\" content=\"Tempo estimado de leitura\" \/>\n\t<meta name=\"twitter:data1\" content=\"10 minutos\" \/>\n<script type=\"application\/ld+json\" class=\"yoast-schema-graph\">{\"@context\":\"https:\\\/\\\/schema.org\",\"@graph\":[{\"@type\":\"WebPage\",\"@id\":\"https:\\\/\\\/4equality.erasmus.site\\\/pt\\\/\",\"url\":\"https:\\\/\\\/4equality.erasmus.site\\\/pt\\\/\",\"name\":\"Home - 4equality\",\"isPartOf\":{\"@id\":\"https:\\\/\\\/4equality.erasmus.site\\\/pt\\\/#website\"},\"primaryImageOfPage\":{\"@id\":\"https:\\\/\\\/4equality.erasmus.site\\\/pt\\\/#primaryimage\"},\"image\":{\"@id\":\"https:\\\/\\\/4equality.erasmus.site\\\/#primaryimage\"},\"thumbnailUrl\":\"https:\\\/\\\/4equality.erasmus.site\\\/wp-content\\\/uploads\\\/2025\\\/06\\\/226866269_72b0f6b9-56c1-43c9-a7dc-21d49ad87d60-1024x576.jpg\",\"datePublished\":\"2024-12-09T10:32:17+00:00\",\"dateModified\":\"2026-04-01T12:10:19+00:00\",\"breadcrumb\":{\"@id\":\"https:\\\/\\\/4equality.erasmus.site\\\/pt\\\/#breadcrumb\"},\"inLanguage\":\"pt-PT\",\"potentialAction\":[{\"@type\":\"ReadAction\",\"target\":[[\"https:\\\/\\\/4equality.erasmus.site\\\/pt\\\/\"]]}]},{\"@type\":\"ImageObject\",\"inLanguage\":\"pt-PT\",\"@id\":\"https:\\\/\\\/4equality.erasmus.site\\\/pt\\\/#primaryimage\",\"url\":\"https:\\\/\\\/4equality.erasmus.site\\\/wp-content\\\/uploads\\\/2025\\\/06\\\/226866269_72b0f6b9-56c1-43c9-a7dc-21d49ad87d60-1024x576.jpg\",\"contentUrl\":\"https:\\\/\\\/4equality.erasmus.site\\\/wp-content\\\/uploads\\\/2025\\\/06\\\/226866269_72b0f6b9-56c1-43c9-a7dc-21d49ad87d60-1024x576.jpg\"},{\"@type\":\"BreadcrumbList\",\"@id\":\"https:\\\/\\\/4equality.erasmus.site\\\/pt\\\/#breadcrumb\",\"itemListElement\":[{\"@type\":\"ListItem\",\"position\":1,\"name\":\"Home\",\"item\":\"https:\\\/\\\/4equality.erasmus.site\\\/pt\\\/\"},{\"@type\":\"ListItem\",\"position\":2,\"name\":\"Home\"}]},{\"@type\":\"WebSite\",\"@id\":\"https:\\\/\\\/4equality.erasmus.site\\\/pt\\\/#website\",\"url\":\"https:\\\/\\\/4equality.erasmus.site\\\/pt\\\/\",\"name\":\"4equality\",\"description\":\"Project\",\"publisher\":{\"@id\":\"https:\\\/\\\/4equality.erasmus.site\\\/pt\\\/#organization\"},\"potentialAction\":[{\"@type\":\"SearchAction\",\"target\":{\"@type\":\"EntryPoint\",\"urlTemplate\":\"https:\\\/\\\/4equality.erasmus.site\\\/pt\\\/?s={search_term_string}\"},\"query-input\":{\"@type\":\"PropertyValueSpecification\",\"valueRequired\":true,\"valueName\":\"search_term_string\"}}],\"inLanguage\":\"pt-PT\"},{\"@type\":\"Organization\",\"@id\":\"https:\\\/\\\/4equality.erasmus.site\\\/pt\\\/#organization\",\"name\":\"4equality\",\"url\":\"https:\\\/\\\/4equality.erasmus.site\\\/pt\\\/\",\"logo\":{\"@type\":\"ImageObject\",\"inLanguage\":\"pt-PT\",\"@id\":\"https:\\\/\\\/4equality.erasmus.site\\\/pt\\\/#\\\/schema\\\/logo\\\/image\\\/\",\"url\":\"https:\\\/\\\/4equality.erasmus.site\\\/wp-content\\\/uploads\\\/2024\\\/12\\\/cropped-4equality_logo.png\",\"contentUrl\":\"https:\\\/\\\/4equality.erasmus.site\\\/wp-content\\\/uploads\\\/2024\\\/12\\\/cropped-4equality_logo.png\",\"width\":200,\"height\":187,\"caption\":\"4equality\"},\"image\":{\"@id\":\"https:\\\/\\\/4equality.erasmus.site\\\/pt\\\/#\\\/schema\\\/logo\\\/image\\\/\"}}]}<\/script>\n<!-- \/ Yoast SEO plugin. -->","yoast_head_json":{"title":"Home - 4equality","robots":{"index":"index","follow":"follow","max-snippet":"max-snippet:-1","max-image-preview":"max-image-preview:large","max-video-preview":"max-video-preview:-1"},"canonical":"https:\/\/4equality.erasmus.site\/pt\/","og_locale":"pt_PT","og_type":"article","og_title":"Home - 4equality","og_description":"4equality &#8211; Implementa\u00e7\u00e3o de ferramentas e metodologias inovadoras para a empregabilidade e a igualdade de oportunidades das mulheres jovens que enfrentam preconceitos em sectores orientados para o futuro, dominados por homens JuventudeN\u00famero do Projeto: 2023-2-PL01-KA220-YOU-000178863Dura\u00e7\u00e3o do Projeto: 01.05.2024 &#8211; 30.04.2026 O projeto 4equality centra-se em melhorar a empregabilidade e promover a igualdade de oportunidades para&hellip;&nbsp;Ler mais &raquo;Home","og_url":"https:\/\/4equality.erasmus.site\/pt\/","og_site_name":"4equality","article_modified_time":"2026-04-01T12:10:19+00:00","og_image":[{"width":2560,"height":1440,"url":"https:\/\/4equality.erasmus.site\/wp-content\/uploads\/2025\/06\/226866269_72b0f6b9-56c1-43c9-a7dc-21d49ad87d60-scaled.jpg","type":"image\/jpeg"}],"twitter_card":"summary_large_image","twitter_misc":{"Tempo estimado de leitura":"10 minutos"},"schema":{"@context":"https:\/\/schema.org","@graph":[{"@type":"WebPage","@id":"https:\/\/4equality.erasmus.site\/pt\/","url":"https:\/\/4equality.erasmus.site\/pt\/","name":"Home - 4equality","isPartOf":{"@id":"https:\/\/4equality.erasmus.site\/pt\/#website"},"primaryImageOfPage":{"@id":"https:\/\/4equality.erasmus.site\/pt\/#primaryimage"},"image":{"@id":"https:\/\/4equality.erasmus.site\/#primaryimage"},"thumbnailUrl":"https:\/\/4equality.erasmus.site\/wp-content\/uploads\/2025\/06\/226866269_72b0f6b9-56c1-43c9-a7dc-21d49ad87d60-1024x576.jpg","datePublished":"2024-12-09T10:32:17+00:00","dateModified":"2026-04-01T12:10:19+00:00","breadcrumb":{"@id":"https:\/\/4equality.erasmus.site\/pt\/#breadcrumb"},"inLanguage":"pt-PT","potentialAction":[{"@type":"ReadAction","target":[["https:\/\/4equality.erasmus.site\/pt\/"]]}]},{"@type":"ImageObject","inLanguage":"pt-PT","@id":"https:\/\/4equality.erasmus.site\/pt\/#primaryimage","url":"https:\/\/4equality.erasmus.site\/wp-content\/uploads\/2025\/06\/226866269_72b0f6b9-56c1-43c9-a7dc-21d49ad87d60-1024x576.jpg","contentUrl":"https:\/\/4equality.erasmus.site\/wp-content\/uploads\/2025\/06\/226866269_72b0f6b9-56c1-43c9-a7dc-21d49ad87d60-1024x576.jpg"},{"@type":"BreadcrumbList","@id":"https:\/\/4equality.erasmus.site\/pt\/#breadcrumb","itemListElement":[{"@type":"ListItem","position":1,"name":"Home","item":"https:\/\/4equality.erasmus.site\/pt\/"},{"@type":"ListItem","position":2,"name":"Home"}]},{"@type":"WebSite","@id":"https:\/\/4equality.erasmus.site\/pt\/#website","url":"https:\/\/4equality.erasmus.site\/pt\/","name":"4equality","description":"Project","publisher":{"@id":"https:\/\/4equality.erasmus.site\/pt\/#organization"},"potentialAction":[{"@type":"SearchAction","target":{"@type":"EntryPoint","urlTemplate":"https:\/\/4equality.erasmus.site\/pt\/?s={search_term_string}"},"query-input":{"@type":"PropertyValueSpecification","valueRequired":true,"valueName":"search_term_string"}}],"inLanguage":"pt-PT"},{"@type":"Organization","@id":"https:\/\/4equality.erasmus.site\/pt\/#organization","name":"4equality","url":"https:\/\/4equality.erasmus.site\/pt\/","logo":{"@type":"ImageObject","inLanguage":"pt-PT","@id":"https:\/\/4equality.erasmus.site\/pt\/#\/schema\/logo\/image\/","url":"https:\/\/4equality.erasmus.site\/wp-content\/uploads\/2024\/12\/cropped-4equality_logo.png","contentUrl":"https:\/\/4equality.erasmus.site\/wp-content\/uploads\/2024\/12\/cropped-4equality_logo.png","width":200,"height":187,"caption":"4equality"},"image":{"@id":"https:\/\/4equality.erasmus.site\/pt\/#\/schema\/logo\/image\/"}}]}},"_links":{"self":[{"href":"https:\/\/4equality.erasmus.site\/pt\/wp-json\/wp\/v2\/pages\/9","targetHints":{"allow":["GET"]}}],"collection":[{"href":"https:\/\/4equality.erasmus.site\/pt\/wp-json\/wp\/v2\/pages"}],"about":[{"href":"https:\/\/4equality.erasmus.site\/pt\/wp-json\/wp\/v2\/types\/page"}],"author":[{"embeddable":true,"href":"https:\/\/4equality.erasmus.site\/pt\/wp-json\/wp\/v2\/users\/1"}],"replies":[{"embeddable":true,"href":"https:\/\/4equality.erasmus.site\/pt\/wp-json\/wp\/v2\/comments?post=9"}],"version-history":[{"count":116,"href":"https:\/\/4equality.erasmus.site\/pt\/wp-json\/wp\/v2\/pages\/9\/revisions"}],"predecessor-version":[{"id":526,"href":"https:\/\/4equality.erasmus.site\/pt\/wp-json\/wp\/v2\/pages\/9\/revisions\/526"}],"wp:attachment":[{"href":"https:\/\/4equality.erasmus.site\/pt\/wp-json\/wp\/v2\/media?parent=9"}],"curies":[{"name":"wp","href":"https:\/\/api.w.org\/{rel}","templated":true}]}}