{"id":9,"date":"2024-12-09T10:32:17","date_gmt":"2024-12-09T10:32:17","guid":{"rendered":"https:\/\/4equality.erasmus.site\/?page_id=9"},"modified":"2026-04-01T12:10:19","modified_gmt":"2026-04-01T12:10:19","slug":"home","status":"publish","type":"page","link":"https:\/\/4equality.erasmus.site\/ro\/","title":{"rendered":"Home"},"content":{"rendered":"\t\t<div data-elementor-type=\"wp-page\" data-elementor-id=\"9\" class=\"elementor elementor-9\">\n\t\t\t\t<div class=\"elementor-element elementor-element-1a0539b e-flex e-con-boxed elementor-invisible e-con e-parent\" data-id=\"1a0539b\" data-element_type=\"container\" data-e-type=\"container\" data-settings=\"{&quot;background_background&quot;:&quot;classic&quot;,&quot;animation&quot;:&quot;fadeInLeft&quot;}\">\n\t\t\t\t\t<div class=\"e-con-inner\">\n\t\t<div class=\"elementor-element elementor-element-cc1e9bd e-con-full e-flex e-con e-child\" data-id=\"cc1e9bd\" data-element_type=\"container\" data-e-type=\"container\" data-settings=\"{&quot;background_background&quot;:&quot;classic&quot;}\">\n\t\t\t\t<div class=\"elementor-element elementor-element-5729461 elementor-widget elementor-widget-heading\" data-id=\"5729461\" data-element_type=\"widget\" data-e-type=\"widget\" data-widget_type=\"heading.default\">\n\t\t\t\t<div class=\"elementor-widget-container\">\n\t\t\t\t\t<h3 class=\"elementor-heading-title elementor-size-default\">4equality- Implementarea de instrumente \u0219i metodologii inovatoare\npentru capacitatea de angajare \u0219i egalitatea de \u0219anse a tinerelor femei\ncare se confrunt\u0103 cu prejudec\u0103\u021bi \u00een sectoarele orientate spre viitor, dominate de b\u0103rba\u021bi<\/h3>\t\t\t\t<\/div>\n\t\t\t\t<\/div>\n\t\t\t\t<div class=\"elementor-element elementor-element-1bc7989 elementor-widget elementor-widget-text-editor\" data-id=\"1bc7989\" data-element_type=\"widget\" data-e-type=\"widget\" data-widget_type=\"text-editor.default\">\n\t\t\t\t<div class=\"elementor-widget-container\">\n\t\t\t\t\t\t\t\t\t<p>Tineri<br \/>Nr. Proiect: 2023-2-PL01-KA220-YOU-000178863<br \/>Durata proiectului: 01.05.2024 &#8211; 30.04.2026<\/p>\t\t\t\t\t\t\t\t<\/div>\n\t\t\t\t<\/div>\n\t\t\t\t<div class=\"elementor-element elementor-element-ce3d5fe elementor-widget elementor-widget-menu-anchor\" data-id=\"ce3d5fe\" data-element_type=\"widget\" data-e-type=\"widget\" data-widget_type=\"menu-anchor.default\">\n\t\t\t\t<div class=\"elementor-widget-container\">\n\t\t\t\t\t\t\t<div class=\"elementor-menu-anchor\" id=\"about\"><\/div>\n\t\t\t\t\t\t<\/div>\n\t\t\t\t<\/div>\n\t\t\t\t<div class=\"elementor-element elementor-element-d6dd9d0 elementor-widget elementor-widget-text-editor\" data-id=\"d6dd9d0\" data-element_type=\"widget\" data-e-type=\"widget\" data-widget_type=\"text-editor.default\">\n\t\t\t\t<div class=\"elementor-widget-container\">\n\t\t\t\t\t\t\t\t\t<p>Proiectul 4equality se concentreaz\u0103 pe \u00eembun\u0103t\u0103\u021birea capacit\u0103\u021bii de angajare \u0219i pe promovarea \u0219anselor egale pentru tinerele femei care urm\u0103resc cariere \u00een industrii dominate de b\u0103rba\u021bi, cum ar fi afacerile \u0219i STEM. Proiectul ofer\u0103 instrumente pentru a ajuta femeile s\u0103 dezvolte con\u0219tientizarea prejudec\u0103\u021bii de gen, s\u0103 dezvolte strategii pentru a face fa\u021b\u0103 discrimin\u0103rii \u0219i s\u0103-\u0219i consolideze avantajul competitiv pe pia\u021ba muncii. Proiectul ofer\u0103, de asemenea, resurse pentru persoane care \u00a0lucreaz\u0103 cu \u0219i pentru tineri pentru a sprijini femeile prin formare \u0219i mentorat, asigur\u00e2ndu-se c\u0103 acestea sunt preg\u0103tite s\u0103 fac\u0103 fa\u021b\u0103 provoc\u0103rilor cu care s-ar putea confrunta \u00een mediul lor profesional.<\/p>\t\t\t\t\t\t\t\t<\/div>\n\t\t\t\t<\/div>\n\t\t\t\t<\/div>\n\t\t\t\t\t<\/div>\n\t\t\t\t<\/div>\n\t\t<div class=\"elementor-element elementor-element-cb15c47 e-flex e-con-boxed elementor-invisible e-con e-parent\" data-id=\"cb15c47\" data-element_type=\"container\" data-e-type=\"container\" data-settings=\"{&quot;background_background&quot;:&quot;classic&quot;,&quot;animation&quot;:&quot;fadeInUp&quot;}\">\n\t\t\t\t\t<div class=\"e-con-inner\">\n\t\t<div class=\"elementor-element elementor-element-1cf7843 e-con-full e-flex e-con e-child\" data-id=\"1cf7843\" data-element_type=\"container\" data-e-type=\"container\" data-settings=\"{&quot;background_background&quot;:&quot;classic&quot;}\">\n\t\t\t\t<div class=\"elementor-element elementor-element-04b8154 elementor-widget elementor-widget-menu-anchor\" data-id=\"04b8154\" data-element_type=\"widget\" data-e-type=\"widget\" data-widget_type=\"menu-anchor.default\">\n\t\t\t\t<div class=\"elementor-widget-container\">\n\t\t\t\t\t\t\t<div class=\"elementor-menu-anchor\" id=\"results\"><\/div>\n\t\t\t\t\t\t<\/div>\n\t\t\t\t<\/div>\n\t\t\t\t<div class=\"elementor-element elementor-element-0ac2d7f elementor-widget elementor-widget-heading\" data-id=\"0ac2d7f\" data-element_type=\"widget\" data-e-type=\"widget\" data-widget_type=\"heading.default\">\n\t\t\t\t<div class=\"elementor-widget-container\">\n\t\t\t\t\t<h2 class=\"elementor-heading-title elementor-size-default\">Rezultatele proiectului <\/h2>\t\t\t\t<\/div>\n\t\t\t\t<\/div>\n\t\t\t\t<div class=\"elementor-element elementor-element-3d2882a elementor-tabs-view-horizontal elementor-widget elementor-widget-tabs\" data-id=\"3d2882a\" data-element_type=\"widget\" data-e-type=\"widget\" data-widget_type=\"tabs.default\">\n\t\t\t\t<div class=\"elementor-widget-container\">\n\t\t\t\t\t\t\t<div class=\"elementor-tabs\">\n\t\t\t<div class=\"elementor-tabs-wrapper\" role=\"tablist\" >\n\t\t\t\t\t\t\t\t\t<div id=\"elementor-tab-title-6411\" class=\"elementor-tab-title elementor-tab-desktop-title\" aria-selected=\"true\" data-tab=\"1\" role=\"tab\" tabindex=\"0\" aria-controls=\"elementor-tab-content-6411\" aria-expanded=\"false\">R1: Program \u0219i platform\u0103 de dezvoltare a femeilor.<\/div>\n\t\t\t\t\t\t\t\t\t<div id=\"elementor-tab-title-6412\" class=\"elementor-tab-title elementor-tab-desktop-title\" aria-selected=\"false\" data-tab=\"2\" role=\"tab\" tabindex=\"-1\" aria-controls=\"elementor-tab-content-6412\" aria-expanded=\"false\">R2: Dezvoltarea setului de instrumente pentru persoane care  lucreaz\u0103 cu \u0219i pentru tineri<\/div>\n\t\t\t\t\t\t\t<\/div>\n\t\t\t<div class=\"elementor-tabs-content-wrapper\" role=\"tablist\" aria-orientation=\"vertical\">\n\t\t\t\t\t\t\t\t\t<div class=\"elementor-tab-title elementor-tab-mobile-title\" aria-selected=\"true\" data-tab=\"1\" role=\"tab\" tabindex=\"0\" aria-controls=\"elementor-tab-content-6411\" aria-expanded=\"false\">R1: Program \u0219i platform\u0103 de dezvoltare a femeilor.<\/div>\n\t\t\t\t\t<div id=\"elementor-tab-content-6411\" class=\"elementor-tab-content elementor-clearfix\" data-tab=\"1\" role=\"tabpanel\" aria-labelledby=\"elementor-tab-title-6411\" tabindex=\"0\" hidden=\"false\"><p>Programul \u0219i Platforma de dezvoltare a femeilor sunt concepute pentru a creste capacitatea femeilor tinere care intr\u0103 \u00een industrii dominate de b\u0103rba\u021bi, cum ar fi afacerile \u0219i STEM. Ofer\u0103 o gam\u0103 cuprinz\u0103toare de instrumente de auto-dezvoltare, oportunit\u0103\u021bi de mentorat \u0219i resurse pentru a ajuta femeile s\u0103-\u0219i dezvolte abilit\u0103\u021bile \u0219i \u00eencrederea necesare pentru a dep\u0103\u0219i prejudec\u0103\u021bile de gen \u00een mediile profesionale. Platforma include un program de e-mentor, module de formare \u0219i instrumente practice menite s\u0103 \u00eembun\u0103t\u0103\u021beasc\u0103 angajabilitatea \u0219i s\u0103 \u00eencurajeze rezilien\u021ba \u00eempotriva discrimin\u0103rii. Sprijin\u0103 femeile \u00een atingerea egalit\u0103\u021bii de \u0219anse \u0219i avansarea \u00een cariera aleas\u0103.<\/p><p style=\"text-align: center; margin-top: 20px;\"><a class=\"btn btn-primary\" role=\"button\" href=\"https:\/\/4equality.erasmus.site\/platform\/e-learning\" target=\"_blank\" rel=\"noopener\">Open<\/a><\/p><\/div>\n\t\t\t\t\t\t\t\t\t<div class=\"elementor-tab-title elementor-tab-mobile-title\" aria-selected=\"false\" data-tab=\"2\" role=\"tab\" tabindex=\"-1\" aria-controls=\"elementor-tab-content-6412\" aria-expanded=\"false\">R2: Dezvoltarea setului de instrumente pentru persoane care  lucreaz\u0103 cu \u0219i pentru tineri<\/div>\n\t\t\t\t\t<div id=\"elementor-tab-content-6412\" class=\"elementor-tab-content elementor-clearfix\" data-tab=\"2\" role=\"tabpanel\" aria-labelledby=\"elementor-tab-title-6412\" tabindex=\"0\" hidden=\"hidden\"><p><\/p><p>Dezvoltarea setului de instrumente pentru persoane care \u00a0lucreaz\u0103 cu \u0219i pentru tineri se concentreaz\u0103 pe echiparea persoanelor care \u00a0lucreaz\u0103 cu \u0219i pentru tineri cu instrumentele \u0219i resursele necesare pentru a sprijini femeile tinere care intr\u0103 \u00een domenii dominate de b\u0103rba\u021bi, cum ar fi afacerile \u0219i STEM. Setul de instrumente ofer\u0103 strategii practice pentru a ajuta persoanele care \u00a0lucreaz\u0103 cu \u0219i pentru tineri s\u0103 ghideze femeile \u00een dep\u0103\u0219irea prejudec\u0103\u021bilor de gen \u0219i a discrimin\u0103rii, \u00eencuraj\u00e2nd un mediu profesional incluziv. Include materiale de con\u0219tientizare, \u00eendrum\u0103ri privind promovarea egalit\u0103\u021bii de \u0219anse \u0219i tehnici de abilitare a femeilor pentru a aborda \u00een mod proactiv provoc\u0103rile din cariera lor. Setul de instrumente \u00ee\u0219i propune s\u0103 consolideze capacitatea persoanelor care \u00a0lucreaz\u0103 cu \u0219i pentru tineri de a mentora \u0219i de a sprijini tinerele femei \u00een ob\u021binerea succesului profesional.<\/p><p style=\"text-align: center;\"><a class=\"btn btn-primary\" role=\"button\" href=\"https:\/\/4equality.erasmus.site\/platform\/toolkit?setlang=no\" target=\"_blank\" rel=\"noopener\">Open<\/a><\/p><\/div>\n\t\t\t\t\t\t\t<\/div>\n\t\t<\/div>\n\t\t\t\t\t\t<\/div>\n\t\t\t\t<\/div>\n\t\t\t\t<\/div>\n\t\t<div class=\"elementor-element elementor-element-bbf2bf2 e-con-full e-flex e-con e-child\" data-id=\"bbf2bf2\" data-element_type=\"container\" data-e-type=\"container\">\n\t\t\t\t<div class=\"elementor-element elementor-element-048e7fd elementor-widget elementor-widget-image\" data-id=\"048e7fd\" data-element_type=\"widget\" data-e-type=\"widget\" data-widget_type=\"image.default\">\n\t\t\t\t<div class=\"elementor-widget-container\">\n\t\t\t\t\t\t\t\t\t\t\t\t\t\t\t<img fetchpriority=\"high\" decoding=\"async\" width=\"1024\" height=\"576\" src=\"https:\/\/4equality.erasmus.site\/wp-content\/uploads\/2025\/06\/226866269_72b0f6b9-56c1-43c9-a7dc-21d49ad87d60-1024x576.jpg\" class=\"attachment-large size-large wp-image-170\" alt=\"\" srcset=\"https:\/\/4equality.erasmus.site\/wp-content\/uploads\/2025\/06\/226866269_72b0f6b9-56c1-43c9-a7dc-21d49ad87d60-1024x576.jpg 1024w, https:\/\/4equality.erasmus.site\/wp-content\/uploads\/2025\/06\/226866269_72b0f6b9-56c1-43c9-a7dc-21d49ad87d60-300x169.jpg 300w, https:\/\/4equality.erasmus.site\/wp-content\/uploads\/2025\/06\/226866269_72b0f6b9-56c1-43c9-a7dc-21d49ad87d60-768x432.jpg 768w, https:\/\/4equality.erasmus.site\/wp-content\/uploads\/2025\/06\/226866269_72b0f6b9-56c1-43c9-a7dc-21d49ad87d60-1536x864.jpg 1536w, https:\/\/4equality.erasmus.site\/wp-content\/uploads\/2025\/06\/226866269_72b0f6b9-56c1-43c9-a7dc-21d49ad87d60-2048x1152.jpg 2048w\" sizes=\"(max-width: 1024px) 100vw, 1024px\" \/>\t\t\t\t\t\t\t\t\t\t\t\t\t\t\t<\/div>\n\t\t\t\t<\/div>\n\t\t\t\t<\/div>\n\t\t\t\t\t<\/div>\n\t\t\t\t<\/div>\n\t\t\t\t<\/div>\n\t\t","protected":false},"excerpt":{"rendered":"<p>4equality- Implementarea de instrumente \u0219i metodologii inovatoare pentru capacitatea de angajare \u0219i egalitatea de \u0219anse a tinerelor femei care se confrunt\u0103 cu prejudec\u0103\u021bi \u00een sectoarele orientate spre viitor, dominate de b\u0103rba\u021bi TineriNr. Proiect: 2023-2-PL01-KA220-YOU-000178863Durata proiectului: 01.05.2024 &#8211; 30.04.2026 Proiectul 4equality se concentreaz\u0103 pe \u00eembun\u0103t\u0103\u021birea capacit\u0103\u021bii de angajare \u0219i pe promovarea \u0219anselor egale pentru tinerele femei&hellip;&nbsp;<a href=\"https:\/\/4equality.erasmus.site\/ro\/\" rel=\"bookmark\">Cite\u0219te mai mult &raquo;<span class=\"screen-reader-text\">Home<\/span><\/a><\/p>\n","protected":false},"author":1,"featured_media":0,"parent":0,"menu_order":0,"comment_status":"closed","ping_status":"closed","template":"page-templates\/template-pagebuilder-full-width.php","meta":{"neve_meta_sidebar":"","neve_meta_container":"","neve_meta_enable_content_width":"off","neve_meta_content_width":100,"neve_meta_title_alignment":"","neve_meta_author_avatar":"","neve_post_elements_order":"","neve_meta_disable_header":"","neve_meta_disable_footer":"","neve_meta_disable_title":"","footnotes":""},"class_list":["post-9","page","type-page","status-publish","hentry"],"yoast_head":"<!-- This site is optimized with the Yoast SEO plugin v27.6 - https:\/\/yoast.com\/product\/yoast-seo-wordpress\/ -->\n<title>Home - 4equality<\/title>\n<meta name=\"robots\" content=\"index, follow, max-snippet:-1, max-image-preview:large, max-video-preview:-1\" \/>\n<link rel=\"canonical\" href=\"https:\/\/4equality.erasmus.site\/ro\/\" \/>\n<meta property=\"og:locale\" content=\"ro_RO\" \/>\n<meta property=\"og:type\" content=\"article\" \/>\n<meta property=\"og:title\" content=\"Home - 4equality\" \/>\n<meta property=\"og:description\" content=\"4equality- Implementarea de instrumente \u0219i metodologii inovatoare pentru capacitatea de angajare \u0219i egalitatea de \u0219anse a tinerelor femei care se confrunt\u0103 cu prejudec\u0103\u021bi \u00een sectoarele orientate spre viitor, dominate de b\u0103rba\u021bi TineriNr. Proiect: 2023-2-PL01-KA220-YOU-000178863Durata proiectului: 01.05.2024 &#8211; 30.04.2026 Proiectul 4equality se concentreaz\u0103 pe \u00eembun\u0103t\u0103\u021birea capacit\u0103\u021bii de angajare \u0219i pe promovarea \u0219anselor egale pentru tinerele femei&hellip;&nbsp;Cite\u0219te mai mult &raquo;Home\" \/>\n<meta property=\"og:url\" content=\"https:\/\/4equality.erasmus.site\/ro\/\" \/>\n<meta property=\"og:site_name\" content=\"4equality\" \/>\n<meta property=\"article:modified_time\" content=\"2026-04-01T12:10:19+00:00\" \/>\n<meta property=\"og:image\" content=\"https:\/\/4equality.erasmus.site\/wp-content\/uploads\/2025\/06\/226866269_72b0f6b9-56c1-43c9-a7dc-21d49ad87d60-scaled.jpg\" \/>\n\t<meta property=\"og:image:width\" content=\"2560\" \/>\n\t<meta property=\"og:image:height\" content=\"1440\" \/>\n\t<meta property=\"og:image:type\" content=\"image\/jpeg\" \/>\n<meta name=\"twitter:card\" content=\"summary_large_image\" \/>\n<meta name=\"twitter:label1\" content=\"Timp estimat pentru citire\" \/>\n\t<meta name=\"twitter:data1\" content=\"10 minute\" \/>\n<script type=\"application\/ld+json\" class=\"yoast-schema-graph\">{\"@context\":\"https:\\\/\\\/schema.org\",\"@graph\":[{\"@type\":\"WebPage\",\"@id\":\"https:\\\/\\\/4equality.erasmus.site\\\/ro\\\/\",\"url\":\"https:\\\/\\\/4equality.erasmus.site\\\/ro\\\/\",\"name\":\"Home - 4equality\",\"isPartOf\":{\"@id\":\"https:\\\/\\\/4equality.erasmus.site\\\/ro\\\/#website\"},\"primaryImageOfPage\":{\"@id\":\"https:\\\/\\\/4equality.erasmus.site\\\/ro\\\/#primaryimage\"},\"image\":{\"@id\":\"https:\\\/\\\/4equality.erasmus.site\\\/#primaryimage\"},\"thumbnailUrl\":\"https:\\\/\\\/4equality.erasmus.site\\\/wp-content\\\/uploads\\\/2025\\\/06\\\/226866269_72b0f6b9-56c1-43c9-a7dc-21d49ad87d60-1024x576.jpg\",\"datePublished\":\"2024-12-09T10:32:17+00:00\",\"dateModified\":\"2026-04-01T12:10:19+00:00\",\"breadcrumb\":{\"@id\":\"https:\\\/\\\/4equality.erasmus.site\\\/ro\\\/#breadcrumb\"},\"inLanguage\":\"ro-RO\",\"potentialAction\":[{\"@type\":\"ReadAction\",\"target\":[[\"https:\\\/\\\/4equality.erasmus.site\\\/ro\\\/\"]]}]},{\"@type\":\"ImageObject\",\"inLanguage\":\"ro-RO\",\"@id\":\"https:\\\/\\\/4equality.erasmus.site\\\/ro\\\/#primaryimage\",\"url\":\"https:\\\/\\\/4equality.erasmus.site\\\/wp-content\\\/uploads\\\/2025\\\/06\\\/226866269_72b0f6b9-56c1-43c9-a7dc-21d49ad87d60-1024x576.jpg\",\"contentUrl\":\"https:\\\/\\\/4equality.erasmus.site\\\/wp-content\\\/uploads\\\/2025\\\/06\\\/226866269_72b0f6b9-56c1-43c9-a7dc-21d49ad87d60-1024x576.jpg\"},{\"@type\":\"BreadcrumbList\",\"@id\":\"https:\\\/\\\/4equality.erasmus.site\\\/ro\\\/#breadcrumb\",\"itemListElement\":[{\"@type\":\"ListItem\",\"position\":1,\"name\":\"Home\",\"item\":\"https:\\\/\\\/4equality.erasmus.site\\\/ro\\\/\"},{\"@type\":\"ListItem\",\"position\":2,\"name\":\"Home\"}]},{\"@type\":\"WebSite\",\"@id\":\"https:\\\/\\\/4equality.erasmus.site\\\/ro\\\/#website\",\"url\":\"https:\\\/\\\/4equality.erasmus.site\\\/ro\\\/\",\"name\":\"4equality\",\"description\":\"Project\",\"publisher\":{\"@id\":\"https:\\\/\\\/4equality.erasmus.site\\\/ro\\\/#organization\"},\"potentialAction\":[{\"@type\":\"SearchAction\",\"target\":{\"@type\":\"EntryPoint\",\"urlTemplate\":\"https:\\\/\\\/4equality.erasmus.site\\\/ro\\\/?s={search_term_string}\"},\"query-input\":{\"@type\":\"PropertyValueSpecification\",\"valueRequired\":true,\"valueName\":\"search_term_string\"}}],\"inLanguage\":\"ro-RO\"},{\"@type\":\"Organization\",\"@id\":\"https:\\\/\\\/4equality.erasmus.site\\\/ro\\\/#organization\",\"name\":\"4equality\",\"url\":\"https:\\\/\\\/4equality.erasmus.site\\\/ro\\\/\",\"logo\":{\"@type\":\"ImageObject\",\"inLanguage\":\"ro-RO\",\"@id\":\"https:\\\/\\\/4equality.erasmus.site\\\/ro\\\/#\\\/schema\\\/logo\\\/image\\\/\",\"url\":\"https:\\\/\\\/4equality.erasmus.site\\\/wp-content\\\/uploads\\\/2024\\\/12\\\/cropped-4equality_logo.png\",\"contentUrl\":\"https:\\\/\\\/4equality.erasmus.site\\\/wp-content\\\/uploads\\\/2024\\\/12\\\/cropped-4equality_logo.png\",\"width\":200,\"height\":187,\"caption\":\"4equality\"},\"image\":{\"@id\":\"https:\\\/\\\/4equality.erasmus.site\\\/ro\\\/#\\\/schema\\\/logo\\\/image\\\/\"}}]}<\/script>\n<!-- \/ Yoast SEO plugin. -->","yoast_head_json":{"title":"Home - 4equality","robots":{"index":"index","follow":"follow","max-snippet":"max-snippet:-1","max-image-preview":"max-image-preview:large","max-video-preview":"max-video-preview:-1"},"canonical":"https:\/\/4equality.erasmus.site\/ro\/","og_locale":"ro_RO","og_type":"article","og_title":"Home - 4equality","og_description":"4equality- Implementarea de instrumente \u0219i metodologii inovatoare pentru capacitatea de angajare \u0219i egalitatea de \u0219anse a tinerelor femei care se confrunt\u0103 cu prejudec\u0103\u021bi \u00een sectoarele orientate spre viitor, dominate de b\u0103rba\u021bi TineriNr. Proiect: 2023-2-PL01-KA220-YOU-000178863Durata proiectului: 01.05.2024 &#8211; 30.04.2026 Proiectul 4equality se concentreaz\u0103 pe \u00eembun\u0103t\u0103\u021birea capacit\u0103\u021bii de angajare \u0219i pe promovarea \u0219anselor egale pentru tinerele femei&hellip;&nbsp;Cite\u0219te mai mult &raquo;Home","og_url":"https:\/\/4equality.erasmus.site\/ro\/","og_site_name":"4equality","article_modified_time":"2026-04-01T12:10:19+00:00","og_image":[{"width":2560,"height":1440,"url":"https:\/\/4equality.erasmus.site\/wp-content\/uploads\/2025\/06\/226866269_72b0f6b9-56c1-43c9-a7dc-21d49ad87d60-scaled.jpg","type":"image\/jpeg"}],"twitter_card":"summary_large_image","twitter_misc":{"Timp estimat pentru citire":"10 minute"},"schema":{"@context":"https:\/\/schema.org","@graph":[{"@type":"WebPage","@id":"https:\/\/4equality.erasmus.site\/ro\/","url":"https:\/\/4equality.erasmus.site\/ro\/","name":"Home - 4equality","isPartOf":{"@id":"https:\/\/4equality.erasmus.site\/ro\/#website"},"primaryImageOfPage":{"@id":"https:\/\/4equality.erasmus.site\/ro\/#primaryimage"},"image":{"@id":"https:\/\/4equality.erasmus.site\/#primaryimage"},"thumbnailUrl":"https:\/\/4equality.erasmus.site\/wp-content\/uploads\/2025\/06\/226866269_72b0f6b9-56c1-43c9-a7dc-21d49ad87d60-1024x576.jpg","datePublished":"2024-12-09T10:32:17+00:00","dateModified":"2026-04-01T12:10:19+00:00","breadcrumb":{"@id":"https:\/\/4equality.erasmus.site\/ro\/#breadcrumb"},"inLanguage":"ro-RO","potentialAction":[{"@type":"ReadAction","target":[["https:\/\/4equality.erasmus.site\/ro\/"]]}]},{"@type":"ImageObject","inLanguage":"ro-RO","@id":"https:\/\/4equality.erasmus.site\/ro\/#primaryimage","url":"https:\/\/4equality.erasmus.site\/wp-content\/uploads\/2025\/06\/226866269_72b0f6b9-56c1-43c9-a7dc-21d49ad87d60-1024x576.jpg","contentUrl":"https:\/\/4equality.erasmus.site\/wp-content\/uploads\/2025\/06\/226866269_72b0f6b9-56c1-43c9-a7dc-21d49ad87d60-1024x576.jpg"},{"@type":"BreadcrumbList","@id":"https:\/\/4equality.erasmus.site\/ro\/#breadcrumb","itemListElement":[{"@type":"ListItem","position":1,"name":"Home","item":"https:\/\/4equality.erasmus.site\/ro\/"},{"@type":"ListItem","position":2,"name":"Home"}]},{"@type":"WebSite","@id":"https:\/\/4equality.erasmus.site\/ro\/#website","url":"https:\/\/4equality.erasmus.site\/ro\/","name":"4equality","description":"Project","publisher":{"@id":"https:\/\/4equality.erasmus.site\/ro\/#organization"},"potentialAction":[{"@type":"SearchAction","target":{"@type":"EntryPoint","urlTemplate":"https:\/\/4equality.erasmus.site\/ro\/?s={search_term_string}"},"query-input":{"@type":"PropertyValueSpecification","valueRequired":true,"valueName":"search_term_string"}}],"inLanguage":"ro-RO"},{"@type":"Organization","@id":"https:\/\/4equality.erasmus.site\/ro\/#organization","name":"4equality","url":"https:\/\/4equality.erasmus.site\/ro\/","logo":{"@type":"ImageObject","inLanguage":"ro-RO","@id":"https:\/\/4equality.erasmus.site\/ro\/#\/schema\/logo\/image\/","url":"https:\/\/4equality.erasmus.site\/wp-content\/uploads\/2024\/12\/cropped-4equality_logo.png","contentUrl":"https:\/\/4equality.erasmus.site\/wp-content\/uploads\/2024\/12\/cropped-4equality_logo.png","width":200,"height":187,"caption":"4equality"},"image":{"@id":"https:\/\/4equality.erasmus.site\/ro\/#\/schema\/logo\/image\/"}}]}},"_links":{"self":[{"href":"https:\/\/4equality.erasmus.site\/ro\/wp-json\/wp\/v2\/pages\/9","targetHints":{"allow":["GET"]}}],"collection":[{"href":"https:\/\/4equality.erasmus.site\/ro\/wp-json\/wp\/v2\/pages"}],"about":[{"href":"https:\/\/4equality.erasmus.site\/ro\/wp-json\/wp\/v2\/types\/page"}],"author":[{"embeddable":true,"href":"https:\/\/4equality.erasmus.site\/ro\/wp-json\/wp\/v2\/users\/1"}],"replies":[{"embeddable":true,"href":"https:\/\/4equality.erasmus.site\/ro\/wp-json\/wp\/v2\/comments?post=9"}],"version-history":[{"count":116,"href":"https:\/\/4equality.erasmus.site\/ro\/wp-json\/wp\/v2\/pages\/9\/revisions"}],"predecessor-version":[{"id":526,"href":"https:\/\/4equality.erasmus.site\/ro\/wp-json\/wp\/v2\/pages\/9\/revisions\/526"}],"wp:attachment":[{"href":"https:\/\/4equality.erasmus.site\/ro\/wp-json\/wp\/v2\/media?parent=9"}],"curies":[{"name":"wp","href":"https:\/\/api.w.org\/{rel}","templated":true}]}}